{"id":65,"date":"2020-12-25T14:22:59","date_gmt":"2020-12-25T14:22:59","guid":{"rendered":"https:\/\/ekidio.hu\/zenek\/?page_id=65"},"modified":"2020-12-25T18:35:53","modified_gmt":"2020-12-25T18:35:53","slug":"mainstream","status":"publish","type":"page","link":"https:\/\/ekidio.hu\/zenek\/","title":{"rendered":"Inform\u00e1ci\u00f3"},"content":{"rendered":"\n<p class=\"has-text-align-center\">A weboldalon el\u00e9rhet\u0151 valamennyi hanganyag Artisjus regisztr\u00e1ci\u00f3 mellett Eckert Andr\u00e1s tulajdon\u00e1t k\u00e9pezi. A f\u00e1jlok egy\u00e9ni profilban szabadon felhaszn\u00e1lhat\u00f3k! \u00dczleti vonatkoz\u00e1s\u00fa megjelen\u00edt\u00e9s\u00fck enged\u00e9lyhez k\u00f6t\u00f6tt. <\/p>\n\n\n\n<p class=\"has-text-align-center\">eckertandris@gmail.com | +3630 299-2105<\/p>\n\n\n\n<p class=\"has-text-align-center\"><strong>Lej\u00e1tsz\u00e1shoz v\u00e1lassz a Genre-k k\u00f6z\u00fcl a men\u00fcben!<\/strong><\/p>\n\n\n\n<div class=\"wp-block-buttons is-layout-flex wp-block-buttons-is-layout-flex\"><\/div>\n\n\n\n<div class=\"wp-block-buttons is-layout-flex wp-block-buttons-is-layout-flex\"><\/div>\n\n\n\n<p><\/p>\n","protected":false},"excerpt":{"rendered":"<p>A weboldalon el\u00e9rhet\u0151 valamennyi hanganyag Artisjus regisztr\u00e1ci\u00f3 mellett Eckert Andr\u00e1s tulajdon\u00e1t k\u00e9pezi. A f\u00e1jlok egy\u00e9ni profilban szabadon felhaszn\u00e1lhat\u00f3k! \u00dczleti vonatkoz\u00e1s\u00fa megjelen\u00edt\u00e9s\u00fck enged\u00e9lyhez k\u00f6t\u00f6tt. eckertandris@gmail.com | +3630 299-2105 Lej\u00e1tsz\u00e1shoz v\u00e1lassz a Genre-k k\u00f6z\u00fcl a men\u00fcben!<\/p>\n","protected":false},"author":1,"featured_media":0,"parent":0,"menu_order":0,"comment_status":"closed","ping_status":"closed","template":"","meta":{"footnotes":""},"class_list":["post-65","page","type-page","status-publish","hentry"],"_links":{"self":[{"href":"https:\/\/ekidio.hu\/zenek\/wp-json\/wp\/v2\/pages\/65","targetHints":{"allow":["GET"]}}],"collection":[{"href":"https:\/\/ekidio.hu\/zenek\/wp-json\/wp\/v2\/pages"}],"about":[{"href":"https:\/\/ekidio.hu\/zenek\/wp-json\/wp\/v2\/types\/page"}],"author":[{"embeddable":true,"href":"https:\/\/ekidio.hu\/zenek\/wp-json\/wp\/v2\/users\/1"}],"replies":[{"embeddable":true,"href":"https:\/\/ekidio.hu\/zenek\/wp-json\/wp\/v2\/comments?post=65"}],"version-history":[{"count":9,"href":"https:\/\/ekidio.hu\/zenek\/wp-json\/wp\/v2\/pages\/65\/revisions"}],"predecessor-version":[{"id":118,"href":"https:\/\/ekidio.hu\/zenek\/wp-json\/wp\/v2\/pages\/65\/revisions\/118"}],"wp:attachment":[{"href":"https:\/\/ekidio.hu\/zenek\/wp-json\/wp\/v2\/media?parent=65"}],"curies":[{"name":"wp","href":"https:\/\/api.w.org\/{rel}","templated":true}]}}