{"id":2,"date":"2023-03-14T20:26:50","date_gmt":"2023-03-14T19:26:50","guid":{"rendered":"https:\/\/ekidio.hu\/blog\/?page_id=2"},"modified":"2023-03-15T23:01:21","modified_gmt":"2023-03-15T22:01:21","slug":"hivj_meg_egy_kavera","status":"publish","type":"page","link":"https:\/\/ekidio.hu\/blog\/hivj_meg_egy_kavera\/","title":{"rendered":"H\u00edvj meg egy k\u00e1v\u00e9ra"},"content":{"rendered":"\n<p>A blog vezet\u00e9se egyszer\u0171, azonban a h\u00e1tt\u00e9rtartalom \u00f6ssze\u00e1ll\u00edt\u00e1sa id\u0151ig\u00e9nyes feladat. A legjobb megold\u00e1sok \u00f6ssze\u00e1ll\u00edt\u00e1sa sor\u00e1n mindig j\u00f3l esik egy k\u00e1v\u00e9 vagy ropogtatni val\u00f3. <\/p>\n\n\n\n<p>H\u00edvj meg egy k\u00e1v\u00e9ra vagy sz\u00e1llj be a ropogtatni val\u00f3ba, ha van kedved. <\/p>\n\n\n\n<p>El\u0151re is k\u00f6sz\u00f6n\u00f6m!<\/p>\n\n\n\n<p class=\"has-text-align-center has-vivid-red-color has-text-color\"><strong>Kattints a PayPal k\u00e9pre \u00e9s t\u00e1mogass szabadon v\u00e1lasztott \u00f6sszeggel!<\/strong><\/p>\n\n\n\n<p> <\/p>\n\n\n\n<figure class=\"wp-block-image aligncenter size-full\"><a href=\"https:\/\/www.paypal.com\/donate\/?business=RN9JGKTM8A4A6&amp;no_recurring=0&amp;item_name=T%C3%A1mogat%C3%A1soddal+%C3%BAj+%C3%B6tletek+%C3%A9rkeznek%21&amp;currency_code=USD\"><img loading=\"lazy\" decoding=\"async\" width=\"304\" height=\"166\" src=\"https:\/\/ekidio.hu\/blog\/wp-content\/uploads\/2023\/03\/images.jpg\" alt=\"donate\" class=\"wp-image-80\" srcset=\"https:\/\/ekidio.hu\/blog\/wp-content\/uploads\/2023\/03\/images.jpg 304w, https:\/\/ekidio.hu\/blog\/wp-content\/uploads\/2023\/03\/images-300x164.jpg 300w\" sizes=\"auto, (max-width: 304px) 100vw, 304px\" \/><\/a><figcaption class=\"wp-element-caption\"> <\/figcaption><\/figure>\n","protected":false},"excerpt":{"rendered":"<p>A blog vezet\u00e9se egyszer\u0171, azonban a h\u00e1tt\u00e9rtartalom \u00f6ssze\u00e1ll\u00edt\u00e1sa id\u0151ig\u00e9nyes feladat. A legjobb megold\u00e1sok \u00f6ssze\u00e1ll\u00edt\u00e1sa sor\u00e1n mindig j\u00f3l esik<\/p>\n","protected":false},"author":1,"featured_media":82,"parent":0,"menu_order":0,"comment_status":"closed","ping_status":"closed","template":"","meta":{"footnotes":""},"class_list":["post-2","page","type-page","status-publish","has-post-thumbnail","hentry"],"_links":{"self":[{"href":"https:\/\/ekidio.hu\/blog\/wp-json\/wp\/v2\/pages\/2","targetHints":{"allow":["GET"]}}],"collection":[{"href":"https:\/\/ekidio.hu\/blog\/wp-json\/wp\/v2\/pages"}],"about":[{"href":"https:\/\/ekidio.hu\/blog\/wp-json\/wp\/v2\/types\/page"}],"author":[{"embeddable":true,"href":"https:\/\/ekidio.hu\/blog\/wp-json\/wp\/v2\/users\/1"}],"replies":[{"embeddable":true,"href":"https:\/\/ekidio.hu\/blog\/wp-json\/wp\/v2\/comments?post=2"}],"version-history":[{"count":4,"href":"https:\/\/ekidio.hu\/blog\/wp-json\/wp\/v2\/pages\/2\/revisions"}],"predecessor-version":[{"id":99,"href":"https:\/\/ekidio.hu\/blog\/wp-json\/wp\/v2\/pages\/2\/revisions\/99"}],"wp:featuredmedia":[{"embeddable":true,"href":"https:\/\/ekidio.hu\/blog\/wp-json\/wp\/v2\/media\/82"}],"wp:attachment":[{"href":"https:\/\/ekidio.hu\/blog\/wp-json\/wp\/v2\/media?parent=2"}],"curies":[{"name":"wp","href":"https:\/\/api.w.org\/{rel}","templated":true}]}}